{"id":90,"date":"2020-05-27T16:23:37","date_gmt":"2020-05-25T18:29:44","guid":{"rendered":"https:\/\/annallorens.cat\/home-2-2\/"},"modified":"2020-07-14T20:06:08","modified_gmt":"2020-07-14T20:06:08","slug":"bio","status":"publish","type":"page","link":"https:\/\/annallorens.cat\/es\/bio\/","title":{"rendered":"Sobre mi"},"content":{"rendered":"","protected":false},"excerpt":{"rendered":"","protected":false},"author":1,"featured_media":0,"parent":0,"menu_order":0,"comment_status":"closed","ping_status":"closed","template":"","meta":[],"grid":"{\r\n  \"colCount\": 12,\r\n  \"colGutter\": 4.5,\r\n  \"rowGutters\": [\r\n    2,\r\n    0\r\n  ],\r\n  \"frameMargin\": 5,\r\n  \"topFrameMargin\": 175,\r\n  \"bottomFrameMargin\": 6,\r\n  \"rowAttrs\": [\r\n    {},\r\n    {},\r\n    {}\r\n  ],\r\n  \"bgColor\": null,\r\n  \"cont\": [\r\n    {\r\n      \"type\": \"text\",\r\n      \"cont\": \"<p style=\\\"line-height: 1.8;\\\"><span style=\\\"font-family: 'Nantes Light Italic';\\\"><span style=\\\"font-size: 22px;\\\">Avalada por una trayectoria profesional consolidada en el \u00e1mbito de la Psicolog\u00eda cl\u00ednica y de la salud, trabaja acompa\u00f1ando a las personas en su crecimiento personal, mejorando las relaciones con su entorno y consigo mismas. Date el valor de cambiar lo que pueda ser cambiado, la fortaleza de aceptar lo que no puede cambiarse y la sabidur\u00eda de saber distinguir lo uno de lo otro<\/span>.<\/span><\/p>\",\r\n      \"align\": \"top\",\r\n      \"row\": 0,\r\n      \"col\": 0,\r\n      \"colspan\": 9,\r\n      \"offsetx\": 0,\r\n      \"offsety\": 0,\r\n      \"spaceabove\": 0,\r\n      \"spacebelow\": 0,\r\n      \"yvel\": 1,\r\n      \"push\": 0,\r\n      \"relid\": 5,\r\n      \"frameOverflow\": \"\"\r\n    },\r\n    {\r\n      \"type\": \"text\",\r\n      \"cont\": \"<p style=\\\"line-height: 1.7; text-align: left;\\\"><span style=\\\"font-size: 21px;\\\"><span style=\\\"font-family: 'Nantes Regular';\\\"><span style=\\\"font-size: 23px; letter-spacing: 0em;\\\">Anna Llorens Acezat <span style=\\\"font-size: 17px; font-family: 'Nantes Light';\\\">\/ <\/span><\/span><\/span><\/span><span style=\\\"font-size: 21px;\\\"><span style=\\\"font-family: 'Nantes Regular';\\\"><span style=\\\"font-family: 'Nantes Light Italic';\\\"><span style=\\\"font-size: 17px;\\\">Co<\/span><\/span><\/span><span style=\\\"font-size: 17px;\\\"><span style=\\\"font-family: 'Nantes Light Italic';\\\">l<\/span><span style=\\\"font-family: 'Nantes Regular';\\\"><span style=\\\"font-family: 'Nantes Regular Italic';\\\"><span style=\\\"font-family: 'Nantes Light Italic';\\\">egiada n\u00ba 3411<br \/><\/span><\/span><\/span><\/span><\/span><\/p><hr \/><p style=\\\"line-height: 1.7; text-align: left;\\\"><span style=\\\"font-size: 21px; font-family: 'Nantes Light Italic';\\\">-Psic\u00f3loga Sanitaria<br \/><\/span><\/p><p style=\\\"line-height: 1.7; text-align: left;\\\"><span style=\\\"font-size: 21px; font-family: 'Nantes Light Italic';\\\">-Licenciada en Psicolog\u00eda por la UB.<br \/><\/span><\/p><p style=\\\"line-height: 1.7; text-align: left;\\\"><span style=\\\"font-family: 'Nantes Light Italic'; font-size: 21px;\\\">-T\u00edtulo oficial de psic\u00f3loga especialista en Psicolog\u00eda<\/span><span style=\\\"font-family: 'Nantes Light Italic'; font-size: 21px;\\\">\u00a0Cl\u00ednica <br \/>\u00a0 por el Ministerio d'Educaci\u00f3n y Ciencia.<br \/><\/span><\/p><p style=\\\"line-height: 1.7; text-align: left;\\\"><span style=\\\"font-family: 'Nantes Light Italic'; font-size: 21px;\\\">-M\u00e1ster de Cl\u00ednica en Salud Mental por la UB.<br \/><\/span><\/p><p style=\\\"line-height: 1.7; text-align: left;\\\"><span style=\\\"font-family: 'Nantes Light Italic'; font-size: 21px;\\\">-Posgrado Psico-Social en consultor\u00eda y grupos por la UPF.<br \/><\/span><\/p><p style=\\\"line-height: 1.7; text-align: left;\\\"><span style=\\\"font-family: 'Nantes Light Italic'; font-size: 21px;\\\">-Miembro d'ASEPCO <span style=\\\"font-size: 17px;\\\">(Asociaci\u00f3n Espa\u00f1ola de Psicoterapias Cognitivas)<\/span>.<br \/><\/span><\/p><p style=\\\"line-height: 1.7; text-align: left;\\\"><span style=\\\"font-family: 'Nantes Light Italic'; font-size: 21px;\\\">-Atenci\u00f3n psicol\u00f3gica de la MGC Mutua.\u00a0<\/span><\/p><hr \/>\",\r\n      \"align\": \"middle\",\r\n      \"row\": 1,\r\n      \"col\": 0,\r\n      \"colspan\": 6,\r\n      \"offsetx\": 0,\r\n      \"offsety\": 0,\r\n      \"spaceabove\": 0,\r\n      \"spacebelow\": 0,\r\n      \"yvel\": 1,\r\n      \"push\": 0,\r\n      \"relid\": 4\r\n    },\r\n    {\r\n      \"type\": \"img\",\r\n      \"cont\": \"\/wp-content\/uploads\/2020\/06\/Laia-Rafols-a35.jpg\",\r\n      \"align\": \"bottom\",\r\n      \"row\": 1,\r\n      \"col\": 7,\r\n      \"colspan\": 4,\r\n      \"offsetx\": 0,\r\n      \"offsety\": 2.3,\r\n      \"spaceabove\": 0,\r\n      \"spacebelow\": 0,\r\n      \"yvel\": 1,\r\n      \"push\": 1,\r\n      \"relid\": 291,\r\n      \"attid\": 183,\r\n      \"sizes\": {\r\n        \"full\": \"\/wp-content\/uploads\/2020\/06\/Laia-Rafols-a35.jpg\",\r\n        \"_1280\": \"\/wp-content\/uploads\/2020\/06\/Laia-Rafols-a35-1280x1813.jpg\",\r\n        \"_1024\": \"\/wp-content\/uploads\/2020\/06\/Laia-Rafols-a35-1024x1450.jpg\",\r\n        \"_768\": \"\/wp-content\/uploads\/2020\/06\/Laia-Rafols-a35-768x1088.jpg\",\r\n        \"_512\": \"\/wp-content\/uploads\/2020\/06\/Laia-Rafols-a35-512x725.jpg\",\r\n        \"_265\": \"\/wp-content\/uploads\/2020\/06\/Laia-Rafols-a35-265x375.jpg\"\r\n      },\r\n      \"w\": 1341,\r\n      \"h\": 1899,\r\n      \"ar\": 1.4161073825503356,\r\n      \"alt\": \"\",\r\n      \"frameOverflow\": \"\"\r\n    },\r\n    {\r\n      \"type\": \"img\",\r\n      \"cont\": \"\/wp-content\/uploads\/2020\/06\/Logos2.png\",\r\n      \"align\": \"middle\",\r\n      \"row\": 2,\r\n      \"col\": 0,\r\n      \"colspan\": 4,\r\n      \"offsetx\": 0,\r\n      \"offsety\": 0,\r\n      \"spaceabove\": 0,\r\n      \"spacebelow\": 0,\r\n      \"yvel\": 1,\r\n      \"push\": 0,\r\n      \"relid\": 235,\r\n      \"attid\": 169,\r\n      \"sizes\": {\r\n        \"full\": \"\/wp-content\/uploads\/2020\/06\/Logos2.png\",\r\n        \"_4096\": \"\/wp-content\/uploads\/2020\/06\/Logos2-4096x566.png\",\r\n        \"_3840\": \"\/wp-content\/uploads\/2020\/06\/Logos2-3840x531.png\",\r\n        \"_3200\": \"\/wp-content\/uploads\/2020\/06\/Logos2-3200x442.png\",\r\n        \"_2560\": \"\/wp-content\/uploads\/2020\/06\/Logos2-2560x354.png\",\r\n        \"_1920\": \"\/wp-content\/uploads\/2020\/06\/Logos2-1920x265.png\",\r\n        \"_1280\": \"\/wp-content\/uploads\/2020\/06\/Logos2-1280x177.png\",\r\n        \"_1024\": \"\/wp-content\/uploads\/2020\/06\/Logos2-1024x142.png\",\r\n        \"_768\": \"\/wp-content\/uploads\/2020\/06\/Logos2-768x106.png\",\r\n        \"_512\": \"\/wp-content\/uploads\/2020\/06\/Logos2-512x71.png\",\r\n        \"_265\": \"\/wp-content\/uploads\/2020\/06\/Logos2-265x37.png\"\r\n      },\r\n      \"w\": 4318,\r\n      \"h\": 597,\r\n      \"ar\": 0.1382584529874942,\r\n      \"alt\": \"\"\r\n    }\r\n  ]\r\n}","phonegrid":"","_links":{"self":[{"href":"https:\/\/annallorens.cat\/es\/wp-json\/wp\/v2\/pages\/90"}],"collection":[{"href":"https:\/\/annallorens.cat\/es\/wp-json\/wp\/v2\/pages"}],"about":[{"href":"https:\/\/annallorens.cat\/es\/wp-json\/wp\/v2\/types\/page"}],"author":[{"embeddable":true,"href":"https:\/\/annallorens.cat\/es\/wp-json\/wp\/v2\/users\/1"}],"replies":[{"embeddable":true,"href":"https:\/\/annallorens.cat\/es\/wp-json\/wp\/v2\/comments?post=90"}],"version-history":[{"count":0,"href":"https:\/\/annallorens.cat\/es\/wp-json\/wp\/v2\/pages\/90\/revisions"}],"wp:attachment":[{"href":"https:\/\/annallorens.cat\/es\/wp-json\/wp\/v2\/media?parent=90"}],"curies":[{"name":"wp","href":"https:\/\/api.w.org\/{rel}","templated":true}]}}