{"id":91,"date":"2020-05-27T16:24:44","date_gmt":"2020-05-25T18:29:44","guid":{"rendered":"https:\/\/annallorens.cat\/bio-2\/"},"modified":"2020-06-15T18:08:24","modified_gmt":"2020-06-15T18:08:24","slug":"servicios","status":"publish","type":"page","link":"https:\/\/annallorens.cat\/es\/servicios\/","title":{"rendered":"Servicios"},"content":{"rendered":"","protected":false},"excerpt":{"rendered":"","protected":false},"author":1,"featured_media":0,"parent":0,"menu_order":0,"comment_status":"closed","ping_status":"closed","template":"","meta":[],"grid":"{\r\n  \"colCount\": 12,\r\n  \"colGutter\": 4.5,\r\n  \"rowGutters\": [\r\n    3.5\r\n  ],\r\n  \"frameMargin\": 5,\r\n  \"topFrameMargin\": 165,\r\n  \"bottomFrameMargin\": 6,\r\n  \"rowAttrs\": [\r\n    {},\r\n    {}\r\n  ],\r\n  \"bgColor\": null,\r\n  \"cont\": [\r\n    {\r\n      \"type\": \"text\",\r\n      \"cont\": \"<div class=\\\"tlid-results-container results-container\\\"><div class=\\\"tlid-result result-dict-wrapper\\\"><div class=\\\"result tlid-copy-target\\\"><div class=\\\"text-wrap tlid-copy-target\\\"><div class=\\\"result-shield-container tlid-copy-target\\\" style=\\\"line-height: 1.6; text-align: center;\\\" tabindex=\\\"0\\\"><span class=\\\"tlid-translation translation\\\" lang=\\\"es\\\" style=\\\"font-size: 21px; letter-spacing: 0.01em;\\\"><span title=\\\"\\\">La situaci\u00f3n<\/span> <span title=\\\"\\\">de malestar<\/span> <span title=\\\"\\\">e inquietud<\/span> <span title=\\\"\\\">es<\/span> <span title=\\\"\\\">creciente<\/span> <span title=\\\"\\\">en nuestra<\/span> <span title=\\\"\\\">cultura<\/span><span title=\\\"\\\">,<\/span> <span title=\\\"\\\">cada uno<\/span>\u00a0<span title=\\\"\\\">de<\/span> <span title=\\\"\\\">nosotros desde<\/span> nuestra<\/span><\/div><div class=\\\"result-shield-container tlid-copy-target\\\" style=\\\"line-height: 1.6; text-align: center;\\\" tabindex=\\\"0\\\"><span class=\\\"tlid-translation translation\\\" lang=\\\"es\\\" style=\\\"font-size: 21px; letter-spacing: 0.01em;\\\"> <span title=\\\"\\\">propia<\/span> <span title=\\\"\\\">mirada<\/span><span title=\\\"\\\">, a menudo<\/span> <span title=\\\"\\\">generamos<\/span> <span title=\\\"\\\">respuestas<\/span> <span title=\\\"\\\">r\u00edgidas<\/span> <span title=\\\"\\\">ante realidades<\/span> <span title=\\\"\\\">cambiantes<\/span><span title=\\\"\\\">,<\/span> <span title=\\\"\\\">a victimizar<\/span> <span title=\\\"\\\">personas o<\/span><\/span><\/div><div class=\\\"result-shield-container tlid-copy-target\\\" style=\\\"line-height: 1.6; text-align: center;\\\" tabindex=\\\"0\\\"><span class=\\\"tlid-translation translation\\\" lang=\\\"es\\\" style=\\\"font-size: 21px; letter-spacing: 0.01em;\\\"> <span title=\\\"\\\">entornos<\/span><span title=\\\"\\\">,<\/span> <span title=\\\"\\\">a seguir<\/span> <span title=\\\"\\\">validando<\/span> <span title=\\\"\\\">lo<\/span> <span title=\\\"\\\">que es<\/span> <span title=\\\"\\\">obsoleto<\/span><span title=\\\"\\\">,<\/span> <span title=\\\"\\\">con todo<\/span> <span title=\\\"\\\">desde una<\/span> <span title=\\\"\\\">posici\u00f3n<\/span> <span title=\\\"\\\">poco<\/span> <span title=\\\"\\\">facilitadora<\/span><span title=\\\"\\\">.<\/span> Es necesario<span title=\\\"\\\">,<\/span><\/span><\/div><div class=\\\"result-shield-container tlid-copy-target\\\" style=\\\"line-height: 1.6; text-align: center;\\\" tabindex=\\\"0\\\"><span class=\\\"tlid-translation translation\\\" lang=\\\"es\\\" style=\\\"font-size: 21px; letter-spacing: 0.01em;\\\"> <span title=\\\"\\\">desde<\/span> <span title=\\\"\\\">nuevas<\/span> <span title=\\\"\\\">miradas<\/span> <span title=\\\"\\\">abiertas<\/span> <span title=\\\"\\\">al an\u00e1lisis<\/span> <span title=\\\"\\\">de la condici\u00f3n humana<\/span><span title=\\\"\\\">,<\/span> <span title=\\\"\\\">ofrecer<\/span> <span title=\\\"\\\">coherencia<\/span><span title=\\\"\\\">, determinaci\u00f3n<\/span> <span class=\\\"\\\" title=\\\"\\\">y <br \/>nuevos<\/span> <span title=\\\"\\\">estilos<\/span> de <span class=\\\"\\\" title=\\\"\\\">conducir la <\/span><span class=\\\"\\\" title=\\\"\\\">propia vida.<\/span><\/span><\/div><\/div><\/div><\/div><\/div>\",\r\n      \"align\": \"bottom\",\r\n      \"row\": 0,\r\n      \"col\": 1,\r\n      \"colspan\": 10,\r\n      \"offsetx\": 0,\r\n      \"offsety\": 0,\r\n      \"spaceabove\": 0,\r\n      \"spacebelow\": 0,\r\n      \"yvel\": 1,\r\n      \"push\": 1,\r\n      \"relid\": 4,\r\n      \"frameOverflow\": \"\"\r\n    },\r\n    {\r\n      \"type\": \"text\",\r\n      \"cont\": \"<p style=\\\"line-height: 1.6;\\\"><span style=\\\"font-size: 21px; font-family: 'Nantes Regular';\\\">Adultos<\/span><br \/><span style=\\\"font-size: 21px;\\\">Atenci\u00f3n individualizada en situaciones de dolor y sufrimiento que pueden provocar ansiedad, estr\u00e9s, depresi\u00f3n y trastornos psicol\u00f3gicos de diversa naturaleza \/ Prevenci\u00f3n de reca\u00eddas.<\/span><\/p><hr \/><p style=\\\"line-height: 1.6;\\\"><span style=\\\"font-size: 21px; font-family: 'Nantes Regular';\\\">Adolescentes<\/span><br \/><span style=\\\"font-size: 21px;\\\">Etapas de cambios emocionales, aprendizaje escolar, dificultades en la evoluci\u00f3n de la identidad \/ Mejora en las estrategias de actuaci\u00f3n.<\/span><\/p><hr \/><p style=\\\"line-height: 1.6;\\\"><span style=\\\"font-size: 21px; font-family: 'Nantes Regular';\\\">Pareja<\/span><br \/><span style=\\\"font-size: 21px;\\\">El mundo de la pareja y las relaciones interpersonales \/ An\u00e1lisis de las familias de origen respectivas.<\/span><\/p><hr \/><p style=\\\"line-height: 1.6;\\\"><span style=\\\"font-size: 21px; font-family: 'Nantes Regular';\\\">Familia<\/span><br \/><span style=\\\"font-size: 21px;\\\">Din\u00e1mica intergrupal \/ Comunicaci\u00f3n entre padres e hijos \/ El afecto, los l\u00edmites y la unidad familiar.<\/span><\/p>\",\r\n      \"align\": \"top\",\r\n      \"row\": 1,\r\n      \"col\": 0,\r\n      \"colspan\": 6,\r\n      \"offsetx\": 0,\r\n      \"offsety\": 0,\r\n      \"spaceabove\": 0,\r\n      \"spacebelow\": 0,\r\n      \"yvel\": 1,\r\n      \"push\": 0,\r\n      \"relid\": 5,\r\n      \"frameOverflow\": \"\"\r\n    },\r\n    {\r\n      \"type\": \"img\",\r\n      \"cont\": \"\/wp-content\/uploads\/2020\/06\/Laia-Rafolsa-34-scaled.jpg\",\r\n      \"align\": \"bottom\",\r\n      \"row\": 1,\r\n      \"col\": 7,\r\n      \"colspan\": 4,\r\n      \"offsetx\": 0,\r\n      \"offsety\": 0.2,\r\n      \"spaceabove\": 0,\r\n      \"spacebelow\": 0,\r\n      \"yvel\": 1,\r\n      \"push\": 1,\r\n      \"relid\": 275,\r\n      \"attid\": 180,\r\n      \"sizes\": {\r\n        \"full\": \"\/wp-content\/uploads\/2020\/06\/Laia-Rafolsa-34-scaled.jpg\",\r\n        \"_1920\": \"\/wp-content\/uploads\/2020\/06\/Laia-Rafolsa-34-1920x2700.jpg\",\r\n        \"_1280\": \"\/wp-content\/uploads\/2020\/06\/Laia-Rafolsa-34-1280x1800.jpg\",\r\n        \"_1024\": \"\/wp-content\/uploads\/2020\/06\/Laia-Rafolsa-34-1024x1440.jpg\",\r\n        \"_768\": \"\/wp-content\/uploads\/2020\/06\/Laia-Rafolsa-34-768x1080.jpg\",\r\n        \"_512\": \"\/wp-content\/uploads\/2020\/06\/Laia-Rafolsa-34-512x720.jpg\",\r\n        \"_265\": \"\/wp-content\/uploads\/2020\/06\/Laia-Rafolsa-34-265x373.jpg\"\r\n      },\r\n      \"w\": 1821,\r\n      \"h\": 2560,\r\n      \"ar\": 1.4058209774848984,\r\n      \"alt\": \"\",\r\n      \"frameOverflow\": \"\"\r\n    }\r\n  ]\r\n}","phonegrid":"","_links":{"self":[{"href":"https:\/\/annallorens.cat\/es\/wp-json\/wp\/v2\/pages\/91"}],"collection":[{"href":"https:\/\/annallorens.cat\/es\/wp-json\/wp\/v2\/pages"}],"about":[{"href":"https:\/\/annallorens.cat\/es\/wp-json\/wp\/v2\/types\/page"}],"author":[{"embeddable":true,"href":"https:\/\/annallorens.cat\/es\/wp-json\/wp\/v2\/users\/1"}],"replies":[{"embeddable":true,"href":"https:\/\/annallorens.cat\/es\/wp-json\/wp\/v2\/comments?post=91"}],"version-history":[{"count":0,"href":"https:\/\/annallorens.cat\/es\/wp-json\/wp\/v2\/pages\/91\/revisions"}],"wp:attachment":[{"href":"https:\/\/annallorens.cat\/es\/wp-json\/wp\/v2\/media?parent=91"}],"curies":[{"name":"wp","href":"https:\/\/api.w.org\/{rel}","templated":true}]}}