{"id":92,"date":"2020-05-27T16:25:35","date_gmt":"2020-05-25T18:29:44","guid":{"rendered":"https:\/\/annallorens.cat\/home-2-2\/"},"modified":"2020-06-14T14:04:33","modified_gmt":"2020-06-14T14:04:33","slug":"trastornos","status":"publish","type":"page","link":"https:\/\/annallorens.cat\/es\/trastornos\/","title":{"rendered":"Trastornos"},"content":{"rendered":"","protected":false},"excerpt":{"rendered":"","protected":false},"author":1,"featured_media":0,"parent":0,"menu_order":0,"comment_status":"closed","ping_status":"closed","template":"","meta":[],"grid":"{\r\n  \"colCount\": 12,\r\n  \"colGutter\": 5,\r\n  \"rowGutters\": [\r\n    1.6,\r\n    3,\r\n    3\r\n  ],\r\n  \"frameMargin\": 5,\r\n  \"topFrameMargin\": 155,\r\n  \"bottomFrameMargin\": 6,\r\n  \"rowAttrs\": [\r\n    {},\r\n    {},\r\n    {},\r\n    {}\r\n  ],\r\n  \"bgColor\": null,\r\n  \"cont\": [\r\n    {\r\n      \"type\": \"img\",\r\n      \"cont\": \"\/wp-content\/uploads\/2020\/06\/pd20-27001a1-por.png\",\r\n      \"align\": \"bottom\",\r\n      \"row\": 0,\r\n      \"col\": 4,\r\n      \"colspan\": 3,\r\n      \"offsetx\": 2.3,\r\n      \"offsety\": 0,\r\n      \"spaceabove\": 0,\r\n      \"spacebelow\": 0,\r\n      \"yvel\": 1,\r\n      \"push\": 4,\r\n      \"relid\": 178,\r\n      \"attid\": 161,\r\n      \"sizes\": {\r\n        \"full\": \"\/wp-content\/uploads\/2020\/06\/pd20-27001a1-por.png\",\r\n        \"_1024\": \"\/wp-content\/uploads\/2020\/06\/pd20-27001a1-por-1024x356.png\",\r\n        \"_768\": \"\/wp-content\/uploads\/2020\/06\/pd20-27001a1-por-768x267.png\",\r\n        \"_512\": \"\/wp-content\/uploads\/2020\/06\/pd20-27001a1-por-512x178.png\",\r\n        \"_265\": \"\/wp-content\/uploads\/2020\/06\/pd20-27001a1-por-265x92.png\"\r\n      },\r\n      \"w\": 1250,\r\n      \"h\": 435,\r\n      \"ar\": 0.348,\r\n      \"alt\": \"\"\r\n    },\r\n    {\r\n      \"type\": \"text\",\r\n      \"cont\": \"<p style=\\\"text-align: center;\\\">A partir de manifestaciones de malestar de la persona, la psicoterapia promueve el <br \/>cambio en aquellos aspectos que configuran su mundo y su comportamiento, para encontrar <br \/>la mejor manera de enfrentarse a los problemas del d\u00eda a d\u00eda y conseguir un mayor bienestar.<\/p>\",\r\n      \"align\": \"top\",\r\n      \"row\": 1,\r\n      \"col\": 1,\r\n      \"colspan\": 10,\r\n      \"offsetx\": 0,\r\n      \"offsety\": 0,\r\n      \"spaceabove\": 0,\r\n      \"spacebelow\": 0,\r\n      \"yvel\": 1,\r\n      \"push\": 1,\r\n      \"relid\": 4,\r\n      \"frameOverflow\": \"\"\r\n    },\r\n    {\r\n      \"type\": \"text\",\r\n      \"cont\": \"<p><span style=\\\"font-family: 'Nantes Regular';\\\">Ansiedad<\/span><br \/>estado de angustia y desesperaci\u00f3n duradero que no deja disfrutar del presente.<\/p><hr \/><p><span style=\\\"font-family: 'Nantes Regular';\\\">Depresi\u00f3n<\/span><br \/>Sentimiento profundo de tristeza que se acompa\u00f1a de p\u00e9rdida de iniciativa, sentimiento de culpa, desesperanza. Apat\u00eda generalizada que no desaparece.<\/p><hr \/><p><span style=\\\"font-family: 'Nantes Regular';\\\">Estr\u00e9s<\/span><br \/>El exceso de estr\u00e9s acaba perjudicando a nuestro cuerpo a trav\u00e9s de una serie de sensaciones de malestar, desasosiego e inquietud.<\/p><hr \/><p><span style=\\\"font-family: 'Nantes Regular';\\\">Fobias y miedos<\/span><br \/>Estados que agotan nuestras energ\u00edas y nos impiden reaccionar de forma natural.<\/p>\",\r\n      \"align\": \"top\",\r\n      \"row\": 2,\r\n      \"col\": 0,\r\n      \"colspan\": 6,\r\n      \"offsetx\": 0,\r\n      \"offsety\": 0,\r\n      \"spaceabove\": 0,\r\n      \"spacebelow\": 0,\r\n      \"yvel\": 1,\r\n      \"push\": 0,\r\n      \"relid\": 5,\r\n      \"frameOverflow\": \"\"\r\n    },\r\n    {\r\n      \"type\": \"text\",\r\n      \"cont\": \"<p><span style=\\\"font-family: 'Nantes Regular';\\\">Dolor<\/span><br \/>Cuando el dolor no mejora con los tratamientos m\u00e9dicos es posible convivir con \u00e9l con ayuda de la psicoterapia.<\/p><hr \/><p><span style=\\\"font-family: 'Nantes Regular';\\\">Duelos<\/span><br \/>Tras perder a un ser querido, debemos superar un proceso que requiere su tiempo y aprender a vivir en esta nueva situaci\u00f3n.<\/p><hr \/><p><span style=\\\"font-family: 'Nantes Regular';\\\">Estr\u00e9s post traum\u00e1tico<\/span><br \/>Despu\u00e9s de un acontecimiento traum\u00e1tico, muchas veces no podemos superarlo y lo revivimos de forma constante.<\/p><hr \/><p><span style=\\\"font-family: 'Nantes Regular';\\\">Problemas de autoestima<\/span><br \/>Se trata de una dificultad para valorarnos internamente, que incapacita nuestras acciones.<\/p>\",\r\n      \"align\": \"top\",\r\n      \"row\": 2,\r\n      \"col\": 6,\r\n      \"colspan\": 6,\r\n      \"offsetx\": 0,\r\n      \"offsety\": 0,\r\n      \"spaceabove\": 0,\r\n      \"spacebelow\": 0,\r\n      \"yvel\": 1,\r\n      \"push\": 0,\r\n      \"relid\": 6\r\n    },\r\n    {\r\n      \"type\": \"text\",\r\n      \"cont\": \"<p style=\\\"text-align: right;\\\"><span style=\\\"font-size: 15px;\\\"><strong><span class=\\\"char\\\" title=\\\"Box Drawings Light Diagonal Upper Right To Lower Left\\\" data-decimal=\\\"9585\\\" data-entity=\\\"&amp;#9585;\\\" data-id=\\\"43519\\\">\u2571<\/span><span class=\\\"char\\\" title=\\\"Box Drawings Light Diagonal Upper Left To Lower Right\\\" data-decimal=\\\"9586\\\" data-entity=\\\"&amp;#9586;\\\" data-id=\\\"43520\\\">\u2572<\/span><\/strong><\/span><\/p>\",\r\n      \"align\": \"top\",\r\n      \"row\": 3,\r\n      \"col\": 10,\r\n      \"colspan\": 2,\r\n      \"offsetx\": 0,\r\n      \"offsety\": 0,\r\n      \"spaceabove\": 0,\r\n      \"spacebelow\": 0,\r\n      \"yvel\": 1,\r\n      \"push\": 10,\r\n      \"relid\": 7,\r\n      \"isscrolltotop\": true\r\n    }\r\n  ]\r\n}","phonegrid":"","_links":{"self":[{"href":"https:\/\/annallorens.cat\/es\/wp-json\/wp\/v2\/pages\/92"}],"collection":[{"href":"https:\/\/annallorens.cat\/es\/wp-json\/wp\/v2\/pages"}],"about":[{"href":"https:\/\/annallorens.cat\/es\/wp-json\/wp\/v2\/types\/page"}],"author":[{"embeddable":true,"href":"https:\/\/annallorens.cat\/es\/wp-json\/wp\/v2\/users\/1"}],"replies":[{"embeddable":true,"href":"https:\/\/annallorens.cat\/es\/wp-json\/wp\/v2\/comments?post=92"}],"version-history":[{"count":0,"href":"https:\/\/annallorens.cat\/es\/wp-json\/wp\/v2\/pages\/92\/revisions"}],"wp:attachment":[{"href":"https:\/\/annallorens.cat\/es\/wp-json\/wp\/v2\/media?parent=92"}],"curies":[{"name":"wp","href":"https:\/\/api.w.org\/{rel}","templated":true}]}}